{"id":12139,"date":"2024-11-03T19:04:34","date_gmt":"2024-11-03T19:04:34","guid":{"rendered":"https:\/\/abt.pive.dev\/?page_id=12139"},"modified":"2025-03-02T18:47:32","modified_gmt":"2025-03-02T18:47:32","slug":"joanna-nowak","status":"publish","type":"page","link":"https:\/\/accentbusiness.pl\/en\/our-experts\/joanna-nowak\/","title":{"rendered":"Joanna Nowak"},"content":{"rendered":"\t\t<div data-elementor-type=\"wp-page\" data-elementor-id=\"12139\" class=\"elementor elementor-12139 elementor-9549\">\n\t\t\t\t<div class=\"elementor-element elementor-element-9e04bd2 e-flex e-con-boxed e-con e-parent\" data-id=\"9e04bd2\" data-element_type=\"container\" data-e-type=\"container\">\n\t\t\t\t\t<div class=\"e-con-inner\">\n\t\t<div class=\"elementor-element elementor-element-a3f6d30 e-con-full e-flex e-con e-child\" data-id=\"a3f6d30\" data-element_type=\"container\" data-e-type=\"container\">\n\t\t\t\t<div class=\"elementor-element elementor-element-d8b138a elementor-widget elementor-widget-eduvibe-lp-team-one\" data-id=\"d8b138a\" data-element_type=\"widget\" data-e-type=\"widget\" data-widget_type=\"eduvibe-lp-team-one.default\">\n\t\t\t\t<div class=\"elementor-widget-container\">\n\t\t\t\t\t<div class=\"eduvibe-team-one-wrapper eduvibe-team-one-slider eduvibe-slider-item\" data-slidestoshow=\"2\" data-tablet-items=\"3\" data-mobile-items=\"2\" data-small-mobile-items=\"1\" data-slidestoscroll=\"1\" data-speed=\"1000\" data-navigation=\"none\" data-direction=\"false\" data-autoplay=\"true\" data-autoplayspeed=\"3000\" data-loop=\"true\"><div class=\"eduvibe-team-one-single-slider\"><div class=\"edu-instructor-grid edu-instructor-1\"><div class=\"edu-instructor\"><div class=\"inner\"><div class=\"thumbnail\"><a href=\"https:\/\/accentbusiness.pl\/nasz-zespol\/joanna-nowak\/\" target=\"_blank\"><img decoding=\"async\" src=\"https:\/\/accentbusiness.pl\/wp-content\/uploads\/2024\/10\/6-768x768.png\" alt=\"Joanna Nowak\"><\/a><\/div><div class=\"team-share-info\"><a href=\"https:\/\/www.linkedin.com\/in\/joanna-nowak-5510b6133\/\" target=\"_blank\"><i class=\"icon-linkedin\"><\/i><\/a><\/div><\/div><\/div><div class=\"edu-instructor-info\"><h4 class=\"title\"><a href=\"https:\/\/accentbusiness.pl\/nasz-zespol\/joanna-nowak\/\" target=\"_blank\">Joanna Nowak<\/a><\/h4><span class=\"desc\">Sales and Marketing Manager<\/span><\/div><\/div><\/div><\/div>\t\t\t\t<\/div>\n\t\t\t\t<\/div>\n\t\t\t\t<\/div>\n\t\t<div class=\"elementor-element elementor-element-a94e872 e-con-full e-flex e-con e-child\" data-id=\"a94e872\" data-element_type=\"container\" data-e-type=\"container\">\n\t\t\t\t<div class=\"elementor-element elementor-element-7d76f0c elementor-widget elementor-widget-text-editor\" data-id=\"7d76f0c\" data-element_type=\"widget\" data-e-type=\"widget\" data-widget_type=\"text-editor.default\">\n\t\t\t\t<div class=\"elementor-widget-container\">\n\t\t\t\t\t\t\t\t\t<h6><span style=\"color: #333333;\">Ekspert biznesowy w obszarach:<\/span><\/h6><ul><li><strong>Konsulting szkoleniowy.<\/strong><\/li><li><strong>Tworzenie projekt\u00f3w szkoleniowych szytych na miar\u0119.<\/strong><\/li><li><strong>Tworzenie projekt\u00f3w eventowych i marketingowych.<\/strong><\/li><\/ul><p><strong>Do\u015bwiadczenie w obs\u0142udze klienta, HR, administracji i marketingu.<\/strong><\/p><div class=\"flex max-w-full flex-col flex-grow\"><div class=\"min-h-8 text-message flex w-full flex-col items-end gap-2 whitespace-normal break-words text-start [.text-message+&amp;]:mt-5\" dir=\"auto\" data-message-author-role=\"assistant\" data-message-id=\"e9b644af-f19e-4c93-9929-12326c23917c\" data-message-model-slug=\"gpt-4o\"><div class=\"flex w-full flex-col gap-1 empty:hidden first:pt-[3px]\"><div class=\"markdown prose w-full break-words dark:prose-invert light\"><p data-start=\"0\" data-end=\"73\" data-is-last-node=\"\" data-is-only-node=\"\"><strong style=\"color: #333333;\">Kilka s\u0142\u00f3w o mnie:<br \/><\/strong>Wierz\u0119, \u017ce sukces organizacji zale\u017cy od efektywnej wsp\u00f3\u0142pracy mi\u0119dzy lud\u017ami i dobrej komunikacji na ka\u017cdym poziomie \u2013 dlatego skupiam si\u0119 na ludziach, z kt\u00f3rymi pracuj\u0119. Ka\u017cda organizacja ma swoje zasady i regulacje; ale dla mnie ludzie \u2013 ze swoj\u0105 pasj\u0105 i energi\u0105 s\u0105 podstaw\u0105 ka\u017cdej firmy. Przez lata zdoby\u0142am wiedz\u0119 i praktyczne do\u015bwiadczenie w zakresie szerokiej administracji, HR oraz strategii marketingowych, pozwala mi to na profesjonalne podej\u015bcie do klient\u00f3w oraz sprawne zarz\u0105dzanie firm\u0105. Radzenie sobie z nieoczekiwanymi sytuacjami i nowymi wyzwaniami to umiej\u0119tno\u015b\u0107, kt\u00f3rej naby\u0142am nie tylko w pracy, ale r\u00f3wnie\u017c dzi\u0119ki mojej g\u0142\u0119bokiej pasji, jak\u0105 s\u0105 podr\u00f3\u017ce.<\/p><\/div><\/div><\/div><\/div>\t\t\t\t\t\t\t\t<\/div>\n\t\t\t\t<\/div>\n\t\t\t\t<\/div>\n\t\t\t\t\t<\/div>\n\t\t\t\t<\/div>\n\t\t\t\t<\/div>\n\t\t","protected":false},"excerpt":{"rendered":"<p>Joanna Nowak Sales and Marketing Manager Ekspert biznesowy w obszarach: Konsulting szkoleniowy. Tworzenie projekt\u00f3w szkoleniowych szytych na miar\u0119. Tworzenie projekt\u00f3w&#8230;<\/p>\n","protected":false},"author":1,"featured_media":0,"parent":11479,"menu_order":0,"comment_status":"closed","ping_status":"closed","template":"","meta":{"content-type":"","footnotes":""},"class_list":["post-12139","page","type-page","status-publish","hentry"],"yoast_head":"<!-- This site is optimized with the Yoast SEO plugin v27.0 - https:\/\/yoast.com\/product\/yoast-seo-wordpress\/ -->\n<title>Joanna Nowak - Accent Business Training<\/title>\n<meta name=\"robots\" content=\"index, follow, max-snippet:-1, max-image-preview:large, max-video-preview:-1\" \/>\n<link rel=\"canonical\" href=\"https:\/\/accentbusiness.pl\/nasi-eksperci\/joanna-nowak\/\" \/>\n<meta property=\"og:locale\" content=\"en_US\" \/>\n<meta property=\"og:type\" content=\"article\" \/>\n<meta property=\"og:title\" content=\"Joanna Nowak - Accent Business Training\" \/>\n<meta property=\"og:description\" content=\"Joanna Nowak Sales and Marketing Manager Ekspert biznesowy w obszarach: Konsulting szkoleniowy. Tworzenie projekt\u00f3w szkoleniowych szytych na miar\u0119. Tworzenie projekt\u00f3w&#8230;\" \/>\n<meta property=\"og:url\" content=\"https:\/\/accentbusiness.pl\/nasi-eksperci\/joanna-nowak\/\" \/>\n<meta property=\"og:site_name\" content=\"Accent Business Training\" \/>\n<meta property=\"article:modified_time\" content=\"2025-03-02T18:47:32+00:00\" \/>\n<meta property=\"og:image\" content=\"https:\/\/abt.pive.dev\/wp-content\/uploads\/2024\/10\/6-768x768.png\" \/>\n<meta name=\"twitter:card\" content=\"summary_large_image\" \/>\n<meta name=\"twitter:label1\" content=\"Est. reading time\" \/>\n\t<meta name=\"twitter:data1\" content=\"1 minute\" \/>\n<script type=\"application\/ld+json\" class=\"yoast-schema-graph\">{\"@context\":\"https:\/\/schema.org\",\"@graph\":[{\"@type\":\"WebPage\",\"@id\":\"https:\/\/accentbusiness.pl\/nasi-eksperci\/joanna-nowak\/\",\"url\":\"https:\/\/accentbusiness.pl\/nasi-eksperci\/joanna-nowak\/\",\"name\":\"Joanna Nowak - Accent Business Training\",\"isPartOf\":{\"@id\":\"https:\/\/accentbusiness.pl\/en\/#website\"},\"primaryImageOfPage\":{\"@id\":\"https:\/\/accentbusiness.pl\/nasi-eksperci\/joanna-nowak\/#primaryimage\"},\"image\":{\"@id\":\"https:\/\/accentbusiness.pl\/nasi-eksperci\/joanna-nowak\/#primaryimage\"},\"thumbnailUrl\":\"https:\/\/abt.pive.dev\/wp-content\/uploads\/2024\/10\/6-768x768.png\",\"datePublished\":\"2024-11-03T19:04:34+00:00\",\"dateModified\":\"2025-03-02T18:47:32+00:00\",\"breadcrumb\":{\"@id\":\"https:\/\/accentbusiness.pl\/nasi-eksperci\/joanna-nowak\/#breadcrumb\"},\"inLanguage\":\"en-US\",\"potentialAction\":[{\"@type\":\"ReadAction\",\"target\":[\"https:\/\/accentbusiness.pl\/nasi-eksperci\/joanna-nowak\/\"]}]},{\"@type\":\"ImageObject\",\"inLanguage\":\"en-US\",\"@id\":\"https:\/\/accentbusiness.pl\/nasi-eksperci\/joanna-nowak\/#primaryimage\",\"url\":\"https:\/\/abt.pive.dev\/wp-content\/uploads\/2024\/10\/6-768x768.png\",\"contentUrl\":\"https:\/\/abt.pive.dev\/wp-content\/uploads\/2024\/10\/6-768x768.png\"},{\"@type\":\"BreadcrumbList\",\"@id\":\"https:\/\/accentbusiness.pl\/nasi-eksperci\/joanna-nowak\/#breadcrumb\",\"itemListElement\":[{\"@type\":\"ListItem\",\"position\":1,\"name\":\"Strona g\u0142\u00f3wna\",\"item\":\"https:\/\/accentbusiness.pl\/en\/\"},{\"@type\":\"ListItem\",\"position\":2,\"name\":\"Our Experts\",\"item\":\"https:\/\/accentbusiness.pl\/nasi-eksperci\/\"},{\"@type\":\"ListItem\",\"position\":3,\"name\":\"Joanna Nowak\"}]},{\"@type\":\"WebSite\",\"@id\":\"https:\/\/accentbusiness.pl\/en\/#website\",\"url\":\"https:\/\/accentbusiness.pl\/en\/\",\"name\":\"Accent Business Training\",\"description\":\"We provide consulting, training and coaching solutions in the area of business communication \u2013 public speaking, negotiations, important conversations\",\"publisher\":{\"@id\":\"https:\/\/accentbusiness.pl\/en\/#organization\"},\"potentialAction\":[{\"@type\":\"SearchAction\",\"target\":{\"@type\":\"EntryPoint\",\"urlTemplate\":\"https:\/\/accentbusiness.pl\/en\/?s={search_term_string}\"},\"query-input\":{\"@type\":\"PropertyValueSpecification\",\"valueRequired\":true,\"valueName\":\"search_term_string\"}}],\"inLanguage\":\"en-US\"},{\"@type\":\"Organization\",\"@id\":\"https:\/\/accentbusiness.pl\/en\/#organization\",\"name\":\"Accent Business Training\",\"url\":\"https:\/\/accentbusiness.pl\/en\/\",\"logo\":{\"@type\":\"ImageObject\",\"inLanguage\":\"en-US\",\"@id\":\"https:\/\/accentbusiness.pl\/en\/#\/schema\/logo\/image\/\",\"url\":\"https:\/\/accentbusiness.pl\/wp-content\/uploads\/2024\/10\/abt_logo_160.png\",\"contentUrl\":\"https:\/\/accentbusiness.pl\/wp-content\/uploads\/2024\/10\/abt_logo_160.png\",\"width\":165,\"height\":90,\"caption\":\"Accent Business Training\"},\"image\":{\"@id\":\"https:\/\/accentbusiness.pl\/en\/#\/schema\/logo\/image\/\"}}]}<\/script>\n<!-- \/ Yoast SEO plugin. -->","yoast_head_json":{"title":"Joanna Nowak - Accent Business Training","robots":{"index":"index","follow":"follow","max-snippet":"max-snippet:-1","max-image-preview":"max-image-preview:large","max-video-preview":"max-video-preview:-1"},"canonical":"https:\/\/accentbusiness.pl\/nasi-eksperci\/joanna-nowak\/","og_locale":"en_US","og_type":"article","og_title":"Joanna Nowak - Accent Business Training","og_description":"Joanna Nowak Sales and Marketing Manager Ekspert biznesowy w obszarach: Konsulting szkoleniowy. Tworzenie projekt\u00f3w szkoleniowych szytych na miar\u0119. Tworzenie projekt\u00f3w&#8230;","og_url":"https:\/\/accentbusiness.pl\/nasi-eksperci\/joanna-nowak\/","og_site_name":"Accent Business Training","article_modified_time":"2025-03-02T18:47:32+00:00","og_image":[{"url":"https:\/\/abt.pive.dev\/wp-content\/uploads\/2024\/10\/6-768x768.png","type":"","width":"","height":""}],"twitter_card":"summary_large_image","twitter_misc":{"Est. reading time":"1 minute"},"schema":{"@context":"https:\/\/schema.org","@graph":[{"@type":"WebPage","@id":"https:\/\/accentbusiness.pl\/nasi-eksperci\/joanna-nowak\/","url":"https:\/\/accentbusiness.pl\/nasi-eksperci\/joanna-nowak\/","name":"Joanna Nowak - Accent Business Training","isPartOf":{"@id":"https:\/\/accentbusiness.pl\/en\/#website"},"primaryImageOfPage":{"@id":"https:\/\/accentbusiness.pl\/nasi-eksperci\/joanna-nowak\/#primaryimage"},"image":{"@id":"https:\/\/accentbusiness.pl\/nasi-eksperci\/joanna-nowak\/#primaryimage"},"thumbnailUrl":"https:\/\/abt.pive.dev\/wp-content\/uploads\/2024\/10\/6-768x768.png","datePublished":"2024-11-03T19:04:34+00:00","dateModified":"2025-03-02T18:47:32+00:00","breadcrumb":{"@id":"https:\/\/accentbusiness.pl\/nasi-eksperci\/joanna-nowak\/#breadcrumb"},"inLanguage":"en-US","potentialAction":[{"@type":"ReadAction","target":["https:\/\/accentbusiness.pl\/nasi-eksperci\/joanna-nowak\/"]}]},{"@type":"ImageObject","inLanguage":"en-US","@id":"https:\/\/accentbusiness.pl\/nasi-eksperci\/joanna-nowak\/#primaryimage","url":"https:\/\/abt.pive.dev\/wp-content\/uploads\/2024\/10\/6-768x768.png","contentUrl":"https:\/\/abt.pive.dev\/wp-content\/uploads\/2024\/10\/6-768x768.png"},{"@type":"BreadcrumbList","@id":"https:\/\/accentbusiness.pl\/nasi-eksperci\/joanna-nowak\/#breadcrumb","itemListElement":[{"@type":"ListItem","position":1,"name":"Strona g\u0142\u00f3wna","item":"https:\/\/accentbusiness.pl\/en\/"},{"@type":"ListItem","position":2,"name":"Our Experts","item":"https:\/\/accentbusiness.pl\/nasi-eksperci\/"},{"@type":"ListItem","position":3,"name":"Joanna Nowak"}]},{"@type":"WebSite","@id":"https:\/\/accentbusiness.pl\/en\/#website","url":"https:\/\/accentbusiness.pl\/en\/","name":"Accent Business Training","description":"We provide consulting, training and coaching solutions in the area of business communication \u2013 public speaking, negotiations, important conversations","publisher":{"@id":"https:\/\/accentbusiness.pl\/en\/#organization"},"potentialAction":[{"@type":"SearchAction","target":{"@type":"EntryPoint","urlTemplate":"https:\/\/accentbusiness.pl\/en\/?s={search_term_string}"},"query-input":{"@type":"PropertyValueSpecification","valueRequired":true,"valueName":"search_term_string"}}],"inLanguage":"en-US"},{"@type":"Organization","@id":"https:\/\/accentbusiness.pl\/en\/#organization","name":"Accent Business Training","url":"https:\/\/accentbusiness.pl\/en\/","logo":{"@type":"ImageObject","inLanguage":"en-US","@id":"https:\/\/accentbusiness.pl\/en\/#\/schema\/logo\/image\/","url":"https:\/\/accentbusiness.pl\/wp-content\/uploads\/2024\/10\/abt_logo_160.png","contentUrl":"https:\/\/accentbusiness.pl\/wp-content\/uploads\/2024\/10\/abt_logo_160.png","width":165,"height":90,"caption":"Accent Business Training"},"image":{"@id":"https:\/\/accentbusiness.pl\/en\/#\/schema\/logo\/image\/"}}]}},"_links":{"self":[{"href":"https:\/\/accentbusiness.pl\/en\/wp-json\/wp\/v2\/pages\/12139","targetHints":{"allow":["GET"]}}],"collection":[{"href":"https:\/\/accentbusiness.pl\/en\/wp-json\/wp\/v2\/pages"}],"about":[{"href":"https:\/\/accentbusiness.pl\/en\/wp-json\/wp\/v2\/types\/page"}],"author":[{"embeddable":true,"href":"https:\/\/accentbusiness.pl\/en\/wp-json\/wp\/v2\/users\/1"}],"replies":[{"embeddable":true,"href":"https:\/\/accentbusiness.pl\/en\/wp-json\/wp\/v2\/comments?post=12139"}],"version-history":[{"count":1,"href":"https:\/\/accentbusiness.pl\/en\/wp-json\/wp\/v2\/pages\/12139\/revisions"}],"predecessor-version":[{"id":12140,"href":"https:\/\/accentbusiness.pl\/en\/wp-json\/wp\/v2\/pages\/12139\/revisions\/12140"}],"up":[{"embeddable":true,"href":"https:\/\/accentbusiness.pl\/en\/wp-json\/wp\/v2\/pages\/11479"}],"wp:attachment":[{"href":"https:\/\/accentbusiness.pl\/en\/wp-json\/wp\/v2\/media?parent=12139"}],"curies":[{"name":"wp","href":"https:\/\/api.w.org\/{rel}","templated":true}]}}