{"id":12141,"date":"2024-10-31T16:16:48","date_gmt":"2024-10-31T16:16:48","guid":{"rendered":"https:\/\/abt.pive.dev\/?page_id=12141"},"modified":"2025-03-02T18:47:49","modified_gmt":"2025-03-02T18:47:49","slug":"wioleta-religa","status":"publish","type":"page","link":"https:\/\/accentbusiness.pl\/en\/our-experts\/wioleta-religa\/","title":{"rendered":"Wioleta Religa"},"content":{"rendered":"\t\t<div data-elementor-type=\"wp-page\" data-elementor-id=\"12141\" class=\"elementor elementor-12141 elementor-9551\">\n\t\t\t\t<div class=\"elementor-element elementor-element-9e04bd2 e-flex e-con-boxed e-con e-parent\" data-id=\"9e04bd2\" data-element_type=\"container\" data-e-type=\"container\">\n\t\t\t\t\t<div class=\"e-con-inner\">\n\t\t<div class=\"elementor-element elementor-element-a3f6d30 e-con-full e-flex e-con e-child\" data-id=\"a3f6d30\" data-element_type=\"container\" data-e-type=\"container\">\n\t\t\t\t<div class=\"elementor-element elementor-element-d8b138a elementor-widget elementor-widget-eduvibe-lp-team-one\" data-id=\"d8b138a\" data-element_type=\"widget\" data-e-type=\"widget\" data-widget_type=\"eduvibe-lp-team-one.default\">\n\t\t\t\t<div class=\"elementor-widget-container\">\n\t\t\t\t\t<div class=\"eduvibe-team-one-wrapper eduvibe-team-one-slider eduvibe-slider-item\" data-slidestoshow=\"2\" data-tablet-items=\"3\" data-mobile-items=\"2\" data-small-mobile-items=\"1\" data-slidestoscroll=\"1\" data-speed=\"1000\" data-navigation=\"none\" data-direction=\"false\" data-autoplay=\"true\" data-autoplayspeed=\"3000\" data-loop=\"true\"><div class=\"eduvibe-team-one-single-slider\"><div class=\"edu-instructor-grid edu-instructor-1\"><div class=\"edu-instructor\"><div class=\"inner\"><div class=\"thumbnail\"><a href=\"https:\/\/accentbusiness.pl\/nasz-zespol\/wioleta-religa\/\" target=\"_blank\"><img decoding=\"async\" src=\"https:\/\/accentbusiness.pl\/wp-content\/uploads\/2024\/10\/7-768x768.png\" alt=\"Wioleta Religa\"><\/a><\/div><div class=\"team-share-info\"><a href=\"https:\/\/www.linkedin.com\/in\/wioleta-religa-205b9b1a9\/\" target=\"_blank\"><i class=\"icon-linkedin\"><\/i><\/a><\/div><\/div><\/div><div class=\"edu-instructor-info\"><h4 class=\"title\"><a href=\"https:\/\/accentbusiness.pl\/nasz-zespol\/wioleta-religa\/\" target=\"_blank\">Wioleta Religa<\/a><\/h4><span class=\"desc\">Project Manager and Client Care<\/span><\/div><\/div><\/div><\/div>\t\t\t\t<\/div>\n\t\t\t\t<\/div>\n\t\t\t\t<\/div>\n\t\t<div class=\"elementor-element elementor-element-a94e872 e-con-full e-flex e-con e-child\" data-id=\"a94e872\" data-element_type=\"container\" data-e-type=\"container\">\n\t\t\t\t<div class=\"elementor-element elementor-element-7d76f0c elementor-widget elementor-widget-text-editor\" data-id=\"7d76f0c\" data-element_type=\"widget\" data-e-type=\"widget\" data-widget_type=\"text-editor.default\">\n\t\t\t\t<div class=\"elementor-widget-container\">\n\t\t\t\t\t\t\t\t\t<h6><span style=\"color: #333333;\">Ekspert biznesowy w obszarach:<\/span><\/h6><ul><li><p><strong>Konsulting szkoleniowy.<\/strong><\/p><\/li><li><p><strong>Tworzenie projekt\u00f3w szkoleniowych szytych na miar\u0119.<\/strong><\/p><\/li><li><p><strong>Tworzenie projekt\u00f3w marketingowych.<\/strong><\/p><\/li><li><p><strong>Obs\u0142uga klienta i administracja.<\/strong><\/p><\/li><\/ul><p><strong>Do\u015bwiadczenie w zarzadzaniu biurem, obs\u0142udze klienta, administracji i marketingu.<\/strong><\/p><p><b style=\"color: #333333;\">Kilka s\u0142\u00f3w o mnie:<br \/><\/b><b><\/b>Swoje do\u015bwiadczenie zawodowe zdobywa\u0142am przez lata pracy w obs\u0142udze klienta i administracji. Wierz\u0119, \u017ce relacje s\u0105 podstaw\u0105 sukcesu w biznesie \u2013 dlatego zawsze stawiam na dobro klienta i firmy, a satysfakcja klienta jest dla mnie najwy\u017cszym priorytetem. Jestem zorientowana na cel i skutecznie dzia\u0142am w duchu \u201eclient success.\u201d Nie ma dla mnie rzeczy niemo\u017cliwych, a wielozadaniowo\u015b\u0107 to moja codzienno\u015b\u0107.<br \/>W wolnym czasie uwielbiam aktywno\u015b\u0107 na \u015bwie\u017cym powietrzu \u2013 rower i g\u00f3rskie w\u0119dr\u00f3wki daj\u0105 mi si\u0142\u0119 i inspiracj\u0119 do dzia\u0142ania ka\u017cdego dnia.<\/p>\t\t\t\t\t\t\t\t<\/div>\n\t\t\t\t<\/div>\n\t\t\t\t<\/div>\n\t\t\t\t\t<\/div>\n\t\t\t\t<\/div>\n\t\t\t\t<\/div>\n\t\t","protected":false},"excerpt":{"rendered":"<p>Wioleta Religa Project Manager and Client Care Ekspert biznesowy w obszarach: Konsulting szkoleniowy. Tworzenie projekt\u00f3w szkoleniowych szytych na miar\u0119. Tworzenie&#8230;<\/p>\n","protected":false},"author":1,"featured_media":0,"parent":11479,"menu_order":0,"comment_status":"closed","ping_status":"closed","template":"","meta":{"content-type":"","footnotes":""},"class_list":["post-12141","page","type-page","status-publish","hentry"],"yoast_head":"<!-- This site is optimized with the Yoast SEO plugin v27.0 - https:\/\/yoast.com\/product\/yoast-seo-wordpress\/ -->\n<title>Wioleta Religa - Accent Business Training<\/title>\n<meta name=\"robots\" content=\"index, follow, max-snippet:-1, max-image-preview:large, max-video-preview:-1\" \/>\n<link rel=\"canonical\" href=\"https:\/\/accentbusiness.pl\/nasi-eksperci\/wioleta-religa\/\" \/>\n<meta property=\"og:locale\" content=\"en_US\" \/>\n<meta property=\"og:type\" content=\"article\" \/>\n<meta property=\"og:title\" content=\"Wioleta Religa - Accent Business Training\" \/>\n<meta property=\"og:description\" content=\"Wioleta Religa Project Manager and Client Care Ekspert biznesowy w obszarach: Konsulting szkoleniowy. Tworzenie projekt\u00f3w szkoleniowych szytych na miar\u0119. Tworzenie&#8230;\" \/>\n<meta property=\"og:url\" content=\"https:\/\/accentbusiness.pl\/nasi-eksperci\/wioleta-religa\/\" \/>\n<meta property=\"og:site_name\" content=\"Accent Business Training\" \/>\n<meta property=\"article:modified_time\" content=\"2025-03-02T18:47:49+00:00\" \/>\n<meta property=\"og:image\" content=\"https:\/\/abt.pive.dev\/wp-content\/uploads\/2024\/10\/7-768x768.png\" \/>\n<meta name=\"twitter:card\" content=\"summary_large_image\" \/>\n<meta name=\"twitter:label1\" content=\"Est. reading time\" \/>\n\t<meta name=\"twitter:data1\" content=\"1 minute\" \/>\n<script type=\"application\/ld+json\" class=\"yoast-schema-graph\">{\"@context\":\"https:\/\/schema.org\",\"@graph\":[{\"@type\":\"WebPage\",\"@id\":\"https:\/\/accentbusiness.pl\/nasi-eksperci\/wioleta-religa\/\",\"url\":\"https:\/\/accentbusiness.pl\/nasi-eksperci\/wioleta-religa\/\",\"name\":\"Wioleta Religa - Accent Business Training\",\"isPartOf\":{\"@id\":\"https:\/\/accentbusiness.pl\/en\/#website\"},\"primaryImageOfPage\":{\"@id\":\"https:\/\/accentbusiness.pl\/nasi-eksperci\/wioleta-religa\/#primaryimage\"},\"image\":{\"@id\":\"https:\/\/accentbusiness.pl\/nasi-eksperci\/wioleta-religa\/#primaryimage\"},\"thumbnailUrl\":\"https:\/\/abt.pive.dev\/wp-content\/uploads\/2024\/10\/7-768x768.png\",\"datePublished\":\"2024-10-31T16:16:48+00:00\",\"dateModified\":\"2025-03-02T18:47:49+00:00\",\"breadcrumb\":{\"@id\":\"https:\/\/accentbusiness.pl\/nasi-eksperci\/wioleta-religa\/#breadcrumb\"},\"inLanguage\":\"en-US\",\"potentialAction\":[{\"@type\":\"ReadAction\",\"target\":[\"https:\/\/accentbusiness.pl\/nasi-eksperci\/wioleta-religa\/\"]}]},{\"@type\":\"ImageObject\",\"inLanguage\":\"en-US\",\"@id\":\"https:\/\/accentbusiness.pl\/nasi-eksperci\/wioleta-religa\/#primaryimage\",\"url\":\"https:\/\/abt.pive.dev\/wp-content\/uploads\/2024\/10\/7-768x768.png\",\"contentUrl\":\"https:\/\/abt.pive.dev\/wp-content\/uploads\/2024\/10\/7-768x768.png\"},{\"@type\":\"BreadcrumbList\",\"@id\":\"https:\/\/accentbusiness.pl\/nasi-eksperci\/wioleta-religa\/#breadcrumb\",\"itemListElement\":[{\"@type\":\"ListItem\",\"position\":1,\"name\":\"Strona g\u0142\u00f3wna\",\"item\":\"https:\/\/accentbusiness.pl\/en\/\"},{\"@type\":\"ListItem\",\"position\":2,\"name\":\"Our Experts\",\"item\":\"https:\/\/accentbusiness.pl\/nasi-eksperci\/\"},{\"@type\":\"ListItem\",\"position\":3,\"name\":\"Wioleta Religa\"}]},{\"@type\":\"WebSite\",\"@id\":\"https:\/\/accentbusiness.pl\/en\/#website\",\"url\":\"https:\/\/accentbusiness.pl\/en\/\",\"name\":\"Accent Business Training\",\"description\":\"We provide consulting, training and coaching solutions in the area of business communication \u2013 public speaking, negotiations, important conversations\",\"publisher\":{\"@id\":\"https:\/\/accentbusiness.pl\/en\/#organization\"},\"potentialAction\":[{\"@type\":\"SearchAction\",\"target\":{\"@type\":\"EntryPoint\",\"urlTemplate\":\"https:\/\/accentbusiness.pl\/en\/?s={search_term_string}\"},\"query-input\":{\"@type\":\"PropertyValueSpecification\",\"valueRequired\":true,\"valueName\":\"search_term_string\"}}],\"inLanguage\":\"en-US\"},{\"@type\":\"Organization\",\"@id\":\"https:\/\/accentbusiness.pl\/en\/#organization\",\"name\":\"Accent Business Training\",\"url\":\"https:\/\/accentbusiness.pl\/en\/\",\"logo\":{\"@type\":\"ImageObject\",\"inLanguage\":\"en-US\",\"@id\":\"https:\/\/accentbusiness.pl\/en\/#\/schema\/logo\/image\/\",\"url\":\"https:\/\/accentbusiness.pl\/wp-content\/uploads\/2024\/10\/abt_logo_160.png\",\"contentUrl\":\"https:\/\/accentbusiness.pl\/wp-content\/uploads\/2024\/10\/abt_logo_160.png\",\"width\":165,\"height\":90,\"caption\":\"Accent Business Training\"},\"image\":{\"@id\":\"https:\/\/accentbusiness.pl\/en\/#\/schema\/logo\/image\/\"}}]}<\/script>\n<!-- \/ Yoast SEO plugin. -->","yoast_head_json":{"title":"Wioleta Religa - Accent Business Training","robots":{"index":"index","follow":"follow","max-snippet":"max-snippet:-1","max-image-preview":"max-image-preview:large","max-video-preview":"max-video-preview:-1"},"canonical":"https:\/\/accentbusiness.pl\/nasi-eksperci\/wioleta-religa\/","og_locale":"en_US","og_type":"article","og_title":"Wioleta Religa - Accent Business Training","og_description":"Wioleta Religa Project Manager and Client Care Ekspert biznesowy w obszarach: Konsulting szkoleniowy. Tworzenie projekt\u00f3w szkoleniowych szytych na miar\u0119. Tworzenie&#8230;","og_url":"https:\/\/accentbusiness.pl\/nasi-eksperci\/wioleta-religa\/","og_site_name":"Accent Business Training","article_modified_time":"2025-03-02T18:47:49+00:00","og_image":[{"url":"https:\/\/abt.pive.dev\/wp-content\/uploads\/2024\/10\/7-768x768.png","type":"","width":"","height":""}],"twitter_card":"summary_large_image","twitter_misc":{"Est. reading time":"1 minute"},"schema":{"@context":"https:\/\/schema.org","@graph":[{"@type":"WebPage","@id":"https:\/\/accentbusiness.pl\/nasi-eksperci\/wioleta-religa\/","url":"https:\/\/accentbusiness.pl\/nasi-eksperci\/wioleta-religa\/","name":"Wioleta Religa - Accent Business Training","isPartOf":{"@id":"https:\/\/accentbusiness.pl\/en\/#website"},"primaryImageOfPage":{"@id":"https:\/\/accentbusiness.pl\/nasi-eksperci\/wioleta-religa\/#primaryimage"},"image":{"@id":"https:\/\/accentbusiness.pl\/nasi-eksperci\/wioleta-religa\/#primaryimage"},"thumbnailUrl":"https:\/\/abt.pive.dev\/wp-content\/uploads\/2024\/10\/7-768x768.png","datePublished":"2024-10-31T16:16:48+00:00","dateModified":"2025-03-02T18:47:49+00:00","breadcrumb":{"@id":"https:\/\/accentbusiness.pl\/nasi-eksperci\/wioleta-religa\/#breadcrumb"},"inLanguage":"en-US","potentialAction":[{"@type":"ReadAction","target":["https:\/\/accentbusiness.pl\/nasi-eksperci\/wioleta-religa\/"]}]},{"@type":"ImageObject","inLanguage":"en-US","@id":"https:\/\/accentbusiness.pl\/nasi-eksperci\/wioleta-religa\/#primaryimage","url":"https:\/\/abt.pive.dev\/wp-content\/uploads\/2024\/10\/7-768x768.png","contentUrl":"https:\/\/abt.pive.dev\/wp-content\/uploads\/2024\/10\/7-768x768.png"},{"@type":"BreadcrumbList","@id":"https:\/\/accentbusiness.pl\/nasi-eksperci\/wioleta-religa\/#breadcrumb","itemListElement":[{"@type":"ListItem","position":1,"name":"Strona g\u0142\u00f3wna","item":"https:\/\/accentbusiness.pl\/en\/"},{"@type":"ListItem","position":2,"name":"Our Experts","item":"https:\/\/accentbusiness.pl\/nasi-eksperci\/"},{"@type":"ListItem","position":3,"name":"Wioleta Religa"}]},{"@type":"WebSite","@id":"https:\/\/accentbusiness.pl\/en\/#website","url":"https:\/\/accentbusiness.pl\/en\/","name":"Accent Business Training","description":"We provide consulting, training and coaching solutions in the area of business communication \u2013 public speaking, negotiations, important conversations","publisher":{"@id":"https:\/\/accentbusiness.pl\/en\/#organization"},"potentialAction":[{"@type":"SearchAction","target":{"@type":"EntryPoint","urlTemplate":"https:\/\/accentbusiness.pl\/en\/?s={search_term_string}"},"query-input":{"@type":"PropertyValueSpecification","valueRequired":true,"valueName":"search_term_string"}}],"inLanguage":"en-US"},{"@type":"Organization","@id":"https:\/\/accentbusiness.pl\/en\/#organization","name":"Accent Business Training","url":"https:\/\/accentbusiness.pl\/en\/","logo":{"@type":"ImageObject","inLanguage":"en-US","@id":"https:\/\/accentbusiness.pl\/en\/#\/schema\/logo\/image\/","url":"https:\/\/accentbusiness.pl\/wp-content\/uploads\/2024\/10\/abt_logo_160.png","contentUrl":"https:\/\/accentbusiness.pl\/wp-content\/uploads\/2024\/10\/abt_logo_160.png","width":165,"height":90,"caption":"Accent Business Training"},"image":{"@id":"https:\/\/accentbusiness.pl\/en\/#\/schema\/logo\/image\/"}}]}},"_links":{"self":[{"href":"https:\/\/accentbusiness.pl\/en\/wp-json\/wp\/v2\/pages\/12141","targetHints":{"allow":["GET"]}}],"collection":[{"href":"https:\/\/accentbusiness.pl\/en\/wp-json\/wp\/v2\/pages"}],"about":[{"href":"https:\/\/accentbusiness.pl\/en\/wp-json\/wp\/v2\/types\/page"}],"author":[{"embeddable":true,"href":"https:\/\/accentbusiness.pl\/en\/wp-json\/wp\/v2\/users\/1"}],"replies":[{"embeddable":true,"href":"https:\/\/accentbusiness.pl\/en\/wp-json\/wp\/v2\/comments?post=12141"}],"version-history":[{"count":2,"href":"https:\/\/accentbusiness.pl\/en\/wp-json\/wp\/v2\/pages\/12141\/revisions"}],"predecessor-version":[{"id":12143,"href":"https:\/\/accentbusiness.pl\/en\/wp-json\/wp\/v2\/pages\/12141\/revisions\/12143"}],"up":[{"embeddable":true,"href":"https:\/\/accentbusiness.pl\/en\/wp-json\/wp\/v2\/pages\/11479"}],"wp:attachment":[{"href":"https:\/\/accentbusiness.pl\/en\/wp-json\/wp\/v2\/media?parent=12141"}],"curies":[{"name":"wp","href":"https:\/\/api.w.org\/{rel}","templated":true}]}}